{"id":51,"date":"2023-10-05T19:27:00","date_gmt":"2023-10-05T19:27:00","guid":{"rendered":"https:\/\/thinkmarketingdigital.com\/?page_id=51"},"modified":"2026-04-22T20:59:58","modified_gmt":"2026-04-22T20:59:58","slug":"we-do","status":"publish","type":"page","link":"https:\/\/thinkmarketingdigital.com\/index.php\/we-do\/","title":{"rendered":"What we do"},"content":{"rendered":"\t\t<div data-elementor-type=\"wp-page\" data-elementor-id=\"51\" class=\"elementor elementor-51\">\n\t\t\t\t\t\t\t<div class=\"elementor-element elementor-element-5f3d032 e-flex e-con-boxed e-con e-parent\" data-id=\"5f3d032\" data-element_type=\"container\" data-settings=\"{&quot;background_background&quot;:&quot;classic&quot;,&quot;content_width&quot;:&quot;boxed&quot;}\" data-core-v316-plus=\"true\">\n\t\t\t\t\t<div class=\"e-con-inner\">\n\t\t\t\t<div class=\"elementor-element elementor-element-edd4abc elementor-widget elementor-widget-heading\" data-id=\"edd4abc\" data-element_type=\"widget\" data-widget_type=\"heading.default\">\n\t\t\t\t<div class=\"elementor-widget-container\">\n\t\t\t<style>\/*! elementor - v3.16.0 - 20-09-2023 *\/\n.elementor-heading-title{padding:0;margin:0;line-height:1}.elementor-widget-heading .elementor-heading-title[class*=elementor-size-]>a{color:inherit;font-size:inherit;line-height:inherit}.elementor-widget-heading .elementor-heading-title.elementor-size-small{font-size:15px}.elementor-widget-heading .elementor-heading-title.elementor-size-medium{font-size:19px}.elementor-widget-heading .elementor-heading-title.elementor-size-large{font-size:29px}.elementor-widget-heading .elementor-heading-title.elementor-size-xl{font-size:39px}.elementor-widget-heading .elementor-heading-title.elementor-size-xxl{font-size:59px}<\/style><h2 class=\"elementor-heading-title elementor-size-default\">\u00a1Trabajemos juntos!<\/h2>\t\t<\/div>\n\t\t\t\t<\/div>\n\t\t\t\t\t<\/div>\n\t\t\t\t<\/div>\n\t\t<div class=\"elementor-element elementor-element-7deb894 e-flex e-con-boxed e-con e-parent\" data-id=\"7deb894\" data-element_type=\"container\" data-settings=\"{&quot;background_background&quot;:&quot;classic&quot;,&quot;content_width&quot;:&quot;boxed&quot;}\" data-core-v316-plus=\"true\">\n\t\t\t\t\t<div class=\"e-con-inner\">\n\t\t<div class=\"elementor-element elementor-element-3f169c2 e-con-full e-flex e-con e-child\" data-id=\"3f169c2\" data-element_type=\"container\" data-settings=\"{&quot;content_width&quot;:&quot;full&quot;}\">\n\t\t\t\t<div class=\"elementor-element elementor-element-99aff26 elementor-widget elementor-widget-image\" data-id=\"99aff26\" data-element_type=\"widget\" data-widget_type=\"image.default\">\n\t\t\t\t<div class=\"elementor-widget-container\">\n\t\t\t<style>\/*! elementor - v3.16.0 - 20-09-2023 *\/\n.elementor-widget-image{text-align:center}.elementor-widget-image a{display:inline-block}.elementor-widget-image a img[src$=\".svg\"]{width:48px}.elementor-widget-image img{vertical-align:middle;display:inline-block}<\/style>\t\t\t\t\t\t\t\t\t\t\t\t<img decoding=\"async\" loading=\"lazy\" width=\"768\" height=\"768\" src=\"https:\/\/thinkmarketingdigital.com\/wp-content\/uploads\/2023\/10\/Think-001-768x768.jpg\" class=\"attachment-medium_large size-medium_large wp-image-278\" alt=\"\" srcset=\"https:\/\/thinkmarketingdigital.com\/wp-content\/uploads\/2023\/10\/Think-001-768x768.jpg 768w, https:\/\/thinkmarketingdigital.com\/wp-content\/uploads\/2023\/10\/Think-001-300x300.jpg 300w, https:\/\/thinkmarketingdigital.com\/wp-content\/uploads\/2023\/10\/Think-001-1024x1024.jpg 1024w, https:\/\/thinkmarketingdigital.com\/wp-content\/uploads\/2023\/10\/Think-001-150x150.jpg 150w, https:\/\/thinkmarketingdigital.com\/wp-content\/uploads\/2023\/10\/Think-001.jpg 1080w\" sizes=\"(max-width: 768px) 100vw, 768px\" \/>\t\t\t\t\t\t\t\t\t\t\t\t\t\t\t<\/div>\n\t\t\t\t<\/div>\n\t\t\t\t<\/div>\n\t\t<div class=\"elementor-element elementor-element-ff3bf37 e-con-full e-flex e-con e-child\" data-id=\"ff3bf37\" data-element_type=\"container\" data-settings=\"{&quot;content_width&quot;:&quot;full&quot;,&quot;background_background&quot;:&quot;classic&quot;}\">\n\t\t\t\t<div class=\"elementor-element elementor-element-9b3126d elementor-widget elementor-widget-heading\" data-id=\"9b3126d\" data-element_type=\"widget\" data-widget_type=\"heading.default\">\n\t\t\t\t<div class=\"elementor-widget-container\">\n\t\t\t<h2 class=\"elementor-heading-title elementor-size-default\">Consultoria<\/h2>\t\t<\/div>\n\t\t\t\t<\/div>\n\t\t\t\t<div class=\"elementor-element elementor-element-a6ebfa5 elementor-widget elementor-widget-spacer\" data-id=\"a6ebfa5\" data-element_type=\"widget\" data-widget_type=\"spacer.default\">\n\t\t\t\t<div class=\"elementor-widget-container\">\n\t\t\t<style>\/*! elementor - v3.16.0 - 20-09-2023 *\/\n.elementor-column .elementor-spacer-inner{height:var(--spacer-size)}.e-con{--container-widget-width:100%}.e-con-inner>.elementor-widget-spacer,.e-con>.elementor-widget-spacer{width:var(--container-widget-width,var(--spacer-size));--align-self:var(--container-widget-align-self,initial);--flex-shrink:0}.e-con-inner>.elementor-widget-spacer>.elementor-widget-container,.e-con>.elementor-widget-spacer>.elementor-widget-container{height:100%;width:100%}.e-con-inner>.elementor-widget-spacer>.elementor-widget-container>.elementor-spacer,.e-con>.elementor-widget-spacer>.elementor-widget-container>.elementor-spacer{height:100%}.e-con-inner>.elementor-widget-spacer>.elementor-widget-container>.elementor-spacer>.elementor-spacer-inner,.e-con>.elementor-widget-spacer>.elementor-widget-container>.elementor-spacer>.elementor-spacer-inner{height:var(--container-widget-height,var(--spacer-size))}.e-con-inner>.elementor-widget-spacer.elementor-widget-empty,.e-con>.elementor-widget-spacer.elementor-widget-empty{position:relative;min-height:22px;min-width:22px}.e-con-inner>.elementor-widget-spacer.elementor-widget-empty .elementor-widget-empty-icon,.e-con>.elementor-widget-spacer.elementor-widget-empty .elementor-widget-empty-icon{position:absolute;top:0;bottom:0;left:0;right:0;margin:auto;padding:0;width:22px;height:22px}<\/style>\t\t<div class=\"elementor-spacer\">\n\t\t\t<div class=\"elementor-spacer-inner\"><\/div>\n\t\t<\/div>\n\t\t\t\t<\/div>\n\t\t\t\t<\/div>\n\t\t\t\t<div class=\"elementor-element elementor-element-99b914c elementor-widget elementor-widget-heading\" data-id=\"99b914c\" data-element_type=\"widget\" data-widget_type=\"heading.default\">\n\t\t\t\t<div class=\"elementor-widget-container\">\n\t\t\t<h2 class=\"elementor-heading-title elementor-size-default\">Creamos sitios web atractivos y funcionales que convierten a los visitantes en clientes.<\/h2>\t\t<\/div>\n\t\t\t\t<\/div>\n\t\t\t\t<\/div>\n\t\t\t\t\t<\/div>\n\t\t\t\t<\/div>\n\t\t<div class=\"elementor-element elementor-element-ebaff71 e-flex e-con-boxed e-con e-parent\" data-id=\"ebaff71\" data-element_type=\"container\" data-settings=\"{&quot;background_background&quot;:&quot;classic&quot;,&quot;content_width&quot;:&quot;boxed&quot;}\" data-core-v316-plus=\"true\">\n\t\t\t\t\t<div class=\"e-con-inner\">\n\t\t<div class=\"elementor-element elementor-element-b8915a5 e-con-full e-flex e-con e-child\" data-id=\"b8915a5\" data-element_type=\"container\" data-settings=\"{&quot;content_width&quot;:&quot;full&quot;,&quot;background_background&quot;:&quot;classic&quot;}\">\n\t\t\t\t<div class=\"elementor-element elementor-element-2d18e61 elementor-widget elementor-widget-heading\" data-id=\"2d18e61\" data-element_type=\"widget\" data-widget_type=\"heading.default\">\n\t\t\t\t<div class=\"elementor-widget-container\">\n\t\t\t<h2 class=\"elementor-heading-title elementor-size-default\">SEO & SEM<\/h2>\t\t<\/div>\n\t\t\t\t<\/div>\n\t\t\t\t<div class=\"elementor-element elementor-element-f7111ec elementor-widget elementor-widget-spacer\" data-id=\"f7111ec\" data-element_type=\"widget\" data-widget_type=\"spacer.default\">\n\t\t\t\t<div class=\"elementor-widget-container\">\n\t\t\t\t\t<div class=\"elementor-spacer\">\n\t\t\t<div class=\"elementor-spacer-inner\"><\/div>\n\t\t<\/div>\n\t\t\t\t<\/div>\n\t\t\t\t<\/div>\n\t\t\t\t<div class=\"elementor-element elementor-element-6a44716 elementor-widget elementor-widget-heading\" data-id=\"6a44716\" data-element_type=\"widget\" data-widget_type=\"heading.default\">\n\t\t\t\t<div class=\"elementor-widget-container\">\n\t\t\t<h2 class=\"elementor-heading-title elementor-size-default\">Mejoramos tu visibilidad online, garantizando que tu sitio web aparezca en los primeros puestos de los motores de b\u00fasqueda.<\/h2>\t\t<\/div>\n\t\t\t\t<\/div>\n\t\t\t\t<\/div>\n\t\t<div class=\"elementor-element elementor-element-0fa62bb e-con-full e-flex e-con e-child\" data-id=\"0fa62bb\" data-element_type=\"container\" data-settings=\"{&quot;content_width&quot;:&quot;full&quot;}\">\n\t\t\t\t<div class=\"elementor-element elementor-element-98c8faf elementor-widget elementor-widget-image\" data-id=\"98c8faf\" data-element_type=\"widget\" data-widget_type=\"image.default\">\n\t\t\t\t<div class=\"elementor-widget-container\">\n\t\t\t\t\t\t\t\t\t\t\t\t\t\t\t<img decoding=\"async\" loading=\"lazy\" width=\"768\" height=\"768\" src=\"https:\/\/thinkmarketingdigital.com\/wp-content\/uploads\/2023\/10\/Think-002-768x768.jpg\" class=\"attachment-medium_large size-medium_large wp-image-280\" alt=\"\" srcset=\"https:\/\/thinkmarketingdigital.com\/wp-content\/uploads\/2023\/10\/Think-002-768x768.jpg 768w, https:\/\/thinkmarketingdigital.com\/wp-content\/uploads\/2023\/10\/Think-002-300x300.jpg 300w, https:\/\/thinkmarketingdigital.com\/wp-content\/uploads\/2023\/10\/Think-002-1024x1024.jpg 1024w, https:\/\/thinkmarketingdigital.com\/wp-content\/uploads\/2023\/10\/Think-002-150x150.jpg 150w, https:\/\/thinkmarketingdigital.com\/wp-content\/uploads\/2023\/10\/Think-002.jpg 1080w\" sizes=\"(max-width: 768px) 100vw, 768px\" \/>\t\t\t\t\t\t\t\t\t\t\t\t\t\t\t<\/div>\n\t\t\t\t<\/div>\n\t\t\t\t<\/div>\n\t\t\t\t\t<\/div>\n\t\t\t\t<\/div>\n\t\t<div class=\"elementor-element elementor-element-65e21d2 e-flex e-con-boxed e-con e-parent\" data-id=\"65e21d2\" data-element_type=\"container\" data-settings=\"{&quot;background_background&quot;:&quot;classic&quot;,&quot;content_width&quot;:&quot;boxed&quot;}\" data-core-v316-plus=\"true\">\n\t\t\t\t\t<div class=\"e-con-inner\">\n\t\t<div class=\"elementor-element elementor-element-d5a714d e-con-full e-flex e-con e-child\" data-id=\"d5a714d\" data-element_type=\"container\" data-settings=\"{&quot;content_width&quot;:&quot;full&quot;}\">\n\t\t\t\t<div class=\"elementor-element elementor-element-4dde17f elementor-widget elementor-widget-image\" data-id=\"4dde17f\" data-element_type=\"widget\" data-widget_type=\"image.default\">\n\t\t\t\t<div class=\"elementor-widget-container\">\n\t\t\t\t\t\t\t\t\t\t\t\t\t\t\t<img decoding=\"async\" loading=\"lazy\" width=\"768\" height=\"576\" src=\"https:\/\/thinkmarketingdigital.com\/wp-content\/uploads\/2026\/04\/pexels-kindelmedia-7688443-768x576.jpg\" class=\"attachment-medium_large size-medium_large wp-image-665\" alt=\"\" srcset=\"https:\/\/thinkmarketingdigital.com\/wp-content\/uploads\/2026\/04\/pexels-kindelmedia-7688443-768x576.jpg 768w, https:\/\/thinkmarketingdigital.com\/wp-content\/uploads\/2026\/04\/pexels-kindelmedia-7688443-300x225.jpg 300w, https:\/\/thinkmarketingdigital.com\/wp-content\/uploads\/2026\/04\/pexels-kindelmedia-7688443-1024x768.jpg 1024w, https:\/\/thinkmarketingdigital.com\/wp-content\/uploads\/2026\/04\/pexels-kindelmedia-7688443-1536x1152.jpg 1536w, https:\/\/thinkmarketingdigital.com\/wp-content\/uploads\/2026\/04\/pexels-kindelmedia-7688443-2048x1536.jpg 2048w\" sizes=\"(max-width: 768px) 100vw, 768px\" \/>\t\t\t\t\t\t\t\t\t\t\t\t\t\t\t<\/div>\n\t\t\t\t<\/div>\n\t\t\t\t<\/div>\n\t\t<div class=\"elementor-element elementor-element-76fd75d e-con-full e-flex e-con e-child\" data-id=\"76fd75d\" data-element_type=\"container\" data-settings=\"{&quot;content_width&quot;:&quot;full&quot;,&quot;background_background&quot;:&quot;classic&quot;}\">\n\t\t\t\t<div class=\"elementor-element elementor-element-907c475 elementor-widget elementor-widget-heading\" data-id=\"907c475\" data-element_type=\"widget\" data-widget_type=\"heading.default\">\n\t\t\t\t<div class=\"elementor-widget-container\">\n\t\t\t<h2 class=\"elementor-heading-title elementor-size-default\">Social media marketing<\/h2>\t\t<\/div>\n\t\t\t\t<\/div>\n\t\t\t\t<div class=\"elementor-element elementor-element-946e70e elementor-widget elementor-widget-spacer\" data-id=\"946e70e\" data-element_type=\"widget\" data-widget_type=\"spacer.default\">\n\t\t\t\t<div class=\"elementor-widget-container\">\n\t\t\t\t\t<div class=\"elementor-spacer\">\n\t\t\t<div class=\"elementor-spacer-inner\"><\/div>\n\t\t<\/div>\n\t\t\t\t<\/div>\n\t\t\t\t<\/div>\n\t\t\t\t<div class=\"elementor-element elementor-element-d2fc95a elementor-widget elementor-widget-heading\" data-id=\"d2fc95a\" data-element_type=\"widget\" data-widget_type=\"heading.default\">\n\t\t\t\t<div class=\"elementor-widget-container\">\n\t\t\t<h2 class=\"elementor-heading-title elementor-size-default\">Dise\u00f1amos campa\u00f1as efectivas en redes sociales para aumentar tu alcance y la interacci\u00f3n con tu audiencia.<\/h2>\t\t<\/div>\n\t\t\t\t<\/div>\n\t\t\t\t<\/div>\n\t\t\t\t\t<\/div>\n\t\t\t\t<\/div>\n\t\t<div class=\"elementor-element elementor-element-eaa65fe e-flex e-con-boxed e-con e-parent\" data-id=\"eaa65fe\" data-element_type=\"container\" data-settings=\"{&quot;background_background&quot;:&quot;classic&quot;,&quot;content_width&quot;:&quot;boxed&quot;}\" data-core-v316-plus=\"true\">\n\t\t\t\t\t<div class=\"e-con-inner\">\n\t\t<div class=\"elementor-element elementor-element-6838d4d e-con-full e-flex e-con e-child\" data-id=\"6838d4d\" data-element_type=\"container\" data-settings=\"{&quot;content_width&quot;:&quot;full&quot;,&quot;background_background&quot;:&quot;classic&quot;}\">\n\t\t\t\t<div class=\"elementor-element elementor-element-aa97125 elementor-widget elementor-widget-heading\" data-id=\"aa97125\" data-element_type=\"widget\" data-widget_type=\"heading.default\">\n\t\t\t\t<div class=\"elementor-widget-container\">\n\t\t\t<h2 class=\"elementor-heading-title elementor-size-default\">Content creation<\/h2>\t\t<\/div>\n\t\t\t\t<\/div>\n\t\t\t\t<div class=\"elementor-element elementor-element-bdf9cc5 elementor-widget elementor-widget-spacer\" data-id=\"bdf9cc5\" data-element_type=\"widget\" data-widget_type=\"spacer.default\">\n\t\t\t\t<div class=\"elementor-widget-container\">\n\t\t\t\t\t<div class=\"elementor-spacer\">\n\t\t\t<div class=\"elementor-spacer-inner\"><\/div>\n\t\t<\/div>\n\t\t\t\t<\/div>\n\t\t\t\t<\/div>\n\t\t\t\t<div class=\"elementor-element elementor-element-96572f5 elementor-widget elementor-widget-heading\" data-id=\"96572f5\" data-element_type=\"widget\" data-widget_type=\"heading.default\">\n\t\t\t\t<div class=\"elementor-widget-container\">\n\t\t\t<h2 class=\"elementor-heading-title elementor-size-default\">Creamos contenido relevante y atractivo que atrae, informa y convierte a tu audiencia en clientes fieles.<\/h2>\t\t<\/div>\n\t\t\t\t<\/div>\n\t\t\t\t<\/div>\n\t\t<div class=\"elementor-element elementor-element-94ef677 e-con-full e-flex e-con e-child\" data-id=\"94ef677\" data-element_type=\"container\" data-settings=\"{&quot;content_width&quot;:&quot;full&quot;}\">\n\t\t\t\t<div class=\"elementor-element elementor-element-afb1a95 elementor-widget elementor-widget-image\" data-id=\"afb1a95\" data-element_type=\"widget\" data-widget_type=\"image.default\">\n\t\t\t\t<div class=\"elementor-widget-container\">\n\t\t\t\t\t\t\t\t\t\t\t\t\t\t\t<img decoding=\"async\" loading=\"lazy\" width=\"768\" height=\"768\" src=\"https:\/\/thinkmarketingdigital.com\/wp-content\/uploads\/2023\/10\/Think-004-768x768.jpg\" class=\"attachment-medium_large size-medium_large wp-image-282\" alt=\"\" srcset=\"https:\/\/thinkmarketingdigital.com\/wp-content\/uploads\/2023\/10\/Think-004-768x768.jpg 768w, https:\/\/thinkmarketingdigital.com\/wp-content\/uploads\/2023\/10\/Think-004-300x300.jpg 300w, https:\/\/thinkmarketingdigital.com\/wp-content\/uploads\/2023\/10\/Think-004-1024x1024.jpg 1024w, https:\/\/thinkmarketingdigital.com\/wp-content\/uploads\/2023\/10\/Think-004-150x150.jpg 150w, https:\/\/thinkmarketingdigital.com\/wp-content\/uploads\/2023\/10\/Think-004.jpg 1080w\" sizes=\"(max-width: 768px) 100vw, 768px\" \/>\t\t\t\t\t\t\t\t\t\t\t\t\t\t\t<\/div>\n\t\t\t\t<\/div>\n\t\t\t\t<\/div>\n\t\t\t\t\t<\/div>\n\t\t\t\t<\/div>\n\t\t<div class=\"elementor-element elementor-element-666da5d e-flex e-con-boxed e-con e-parent\" data-id=\"666da5d\" data-element_type=\"container\" data-settings=\"{&quot;background_background&quot;:&quot;classic&quot;,&quot;content_width&quot;:&quot;boxed&quot;}\" data-core-v316-plus=\"true\">\n\t\t\t\t\t<div class=\"e-con-inner\">\n\t\t<div class=\"elementor-element elementor-element-b9c63f4 e-con-full e-flex e-con e-child\" data-id=\"b9c63f4\" data-element_type=\"container\" data-settings=\"{&quot;content_width&quot;:&quot;full&quot;}\">\n\t\t\t\t<div class=\"elementor-element elementor-element-9e767a8 elementor-widget elementor-widget-image\" data-id=\"9e767a8\" data-element_type=\"widget\" data-widget_type=\"image.default\">\n\t\t\t\t<div class=\"elementor-widget-container\">\n\t\t\t\t\t\t\t\t\t\t\t\t\t\t\t<img decoding=\"async\" loading=\"lazy\" width=\"768\" height=\"768\" src=\"https:\/\/thinkmarketingdigital.com\/wp-content\/uploads\/2023\/10\/Think-005-768x768.jpg\" class=\"attachment-medium_large size-medium_large wp-image-283\" alt=\"\" srcset=\"https:\/\/thinkmarketingdigital.com\/wp-content\/uploads\/2023\/10\/Think-005-768x768.jpg 768w, https:\/\/thinkmarketingdigital.com\/wp-content\/uploads\/2023\/10\/Think-005-300x300.jpg 300w, https:\/\/thinkmarketingdigital.com\/wp-content\/uploads\/2023\/10\/Think-005-1024x1024.jpg 1024w, https:\/\/thinkmarketingdigital.com\/wp-content\/uploads\/2023\/10\/Think-005-150x150.jpg 150w, https:\/\/thinkmarketingdigital.com\/wp-content\/uploads\/2023\/10\/Think-005.jpg 1080w\" sizes=\"(max-width: 768px) 100vw, 768px\" \/>\t\t\t\t\t\t\t\t\t\t\t\t\t\t\t<\/div>\n\t\t\t\t<\/div>\n\t\t\t\t<\/div>\n\t\t<div class=\"elementor-element elementor-element-a62fe50 e-con-full e-flex e-con e-child\" data-id=\"a62fe50\" data-element_type=\"container\" data-settings=\"{&quot;content_width&quot;:&quot;full&quot;,&quot;background_background&quot;:&quot;classic&quot;}\">\n\t\t\t\t<div class=\"elementor-element elementor-element-7fc5e28 elementor-widget elementor-widget-heading\" data-id=\"7fc5e28\" data-element_type=\"widget\" data-widget_type=\"heading.default\">\n\t\t\t\t<div class=\"elementor-widget-container\">\n\t\t\t<h2 class=\"elementor-heading-title elementor-size-default\">E-commerce solutions<\/h2>\t\t<\/div>\n\t\t\t\t<\/div>\n\t\t\t\t<div class=\"elementor-element elementor-element-87795cb elementor-widget elementor-widget-spacer\" data-id=\"87795cb\" data-element_type=\"widget\" data-widget_type=\"spacer.default\">\n\t\t\t\t<div class=\"elementor-widget-container\">\n\t\t\t\t\t<div class=\"elementor-spacer\">\n\t\t\t<div class=\"elementor-spacer-inner\"><\/div>\n\t\t<\/div>\n\t\t\t\t<\/div>\n\t\t\t\t<\/div>\n\t\t\t\t<div class=\"elementor-element elementor-element-c90c2c6 elementor-widget elementor-widget-heading\" data-id=\"c90c2c6\" data-element_type=\"widget\" data-widget_type=\"heading.default\">\n\t\t\t\t<div class=\"elementor-widget-container\">\n\t\t\t<h2 class=\"elementor-heading-title elementor-size-default\">Desarrollo de una plataforma en l\u00ednea para empresas donde puedan mostrar y vender sus productos o servicios.<\/h2>\t\t<\/div>\n\t\t\t\t<\/div>\n\t\t\t\t<\/div>\n\t\t\t\t\t<\/div>\n\t\t\t\t<\/div>\n\t\t\t\t\t\t\t<\/div>\n\t\t","protected":false},"excerpt":{"rendered":"<p>\u00a1Trabajemos juntos! Consultoria Creamos sitios web atractivos y funcionales que convierten a los visitantes en clientes. SEO &#038; SEM Mejoramos tu visibilidad online, garantizando que tu sitio web aparezca en los primeros puestos de los motores de b\u00fasqueda. Social media marketing Dise\u00f1amos campa\u00f1as efectivas en redes sociales para aumentar tu alcance y la interacci\u00f3n con [&hellip;]<\/p>\n","protected":false},"author":1,"featured_media":0,"parent":0,"menu_order":0,"comment_status":"closed","ping_status":"closed","template":"","meta":{"footnotes":""},"_links":{"self":[{"href":"https:\/\/thinkmarketingdigital.com\/index.php\/wp-json\/wp\/v2\/pages\/51"}],"collection":[{"href":"https:\/\/thinkmarketingdigital.com\/index.php\/wp-json\/wp\/v2\/pages"}],"about":[{"href":"https:\/\/thinkmarketingdigital.com\/index.php\/wp-json\/wp\/v2\/types\/page"}],"author":[{"embeddable":true,"href":"https:\/\/thinkmarketingdigital.com\/index.php\/wp-json\/wp\/v2\/users\/1"}],"replies":[{"embeddable":true,"href":"https:\/\/thinkmarketingdigital.com\/index.php\/wp-json\/wp\/v2\/comments?post=51"}],"version-history":[{"count":56,"href":"https:\/\/thinkmarketingdigital.com\/index.php\/wp-json\/wp\/v2\/pages\/51\/revisions"}],"predecessor-version":[{"id":669,"href":"https:\/\/thinkmarketingdigital.com\/index.php\/wp-json\/wp\/v2\/pages\/51\/revisions\/669"}],"wp:attachment":[{"href":"https:\/\/thinkmarketingdigital.com\/index.php\/wp-json\/wp\/v2\/media?parent=51"}],"curies":[{"name":"wp","href":"https:\/\/api.w.org\/{rel}","templated":true}]}}